{"id":65,"date":"2016-10-14T11:25:03","date_gmt":"2016-10-14T10:25:03","guid":{"rendered":"http:\/\/gv-nordend.de\/?page_id=65"},"modified":"2026-03-01T14:49:34","modified_gmt":"2026-03-01T13:49:34","slug":"nordendgarde","status":"publish","type":"page","link":"https:\/\/gvnordend.de\/?page_id=65","title":{"rendered":"Nordendgarde"},"content":{"rendered":"\n<figure class=\"wp-block-image size-large\"><img decoding=\"async\" width=\"1024\" height=\"661\" src=\"https:\/\/gvnordend.de\/wp-content\/uploads\/2026\/03\/IMG_0077-1024x661.jpg\" alt=\"\" class=\"wp-image-2197\" srcset=\"https:\/\/gvnordend.de\/wp-content\/uploads\/2026\/03\/IMG_0077-1024x661.jpg 1024w, https:\/\/gvnordend.de\/wp-content\/uploads\/2026\/03\/IMG_0077-300x194.jpg 300w, https:\/\/gvnordend.de\/wp-content\/uploads\/2026\/03\/IMG_0077-768x496.jpg 768w, https:\/\/gvnordend.de\/wp-content\/uploads\/2026\/03\/IMG_0077-1536x992.jpg 1536w, https:\/\/gvnordend.de\/wp-content\/uploads\/2026\/03\/IMG_0077.jpg 1920w\" sizes=\"(max-width: 1024px) 100vw, 1024px\" \/><figcaption class=\"wp-element-caption\">2023 weibl. u. m\u00e4nnliche Nordendgarde mit den Eiskalten Engeln<\/figcaption><\/figure>\n\n\n\n<p>Eine der \u00e4ltesten Garden Fuldas wurde 1935 als &#8222;B\u00fcrgergarde Nordend&#8220; gegr\u00fcndet. Diese Garde bestand aus 35 Mann, die \u00fcberwiegend Handwerksmeister waren. Erster Hauptmann war der B\u00e4ckermeister Alois Pfeiffer.<\/p>\n\n\n\n<p>Da w\u00e4hrend des 2. Weltkrieges das Vereinsleben ziemlich brach lag, wurde ein Neuaufbau n\u00f6tig. So stand 1950 wieder eine 22 Mann starke Truppe unter F\u00fchrung von Hauptmann Heinrich Becker parat.<\/p>\n\n\n\n<p>Im 50.&nbsp; Jubeljahr (1985) wurden die bis dahin grau-roten Uniformen ausgemustert. Mit den damals neuen Uniformen &#8211; den Vorbildern der B\u00fcrgergarde Nordend in gr\u00fcn-rot nachempfunden &#8211; erf\u00fcllte sich ein lange gehegter Wunsch der Nordendgarde. Diese Uniformen pr\u00e4sentiert die m\u00e4nnliche und weibliche Garde bis heute.<\/p>\n\n\n\n<p>Im Jahre 1993 wurde die damalige Seniorentanzgarde in die Nordendgarde eingegliedert, dieser folgte im Jahr 2002 die Juniorentanzgarde. Die Tanzgarde pr\u00e4sentiert sich heute in gr\u00fcn-wei\u00df, die Gardistinnen der Nordendgarde in rot-gr\u00fcn.<\/p>\n\n\n\n<p>Man trifft sich regelm\u00e4\u00dfig zu Stammtischen ( jeweils am 2. Dienstag der geraden Monate &#8211; Februar, April usw.), die an wechselnden Orten stattfinden.&nbsp;Unsere Offiziere nehmen au\u00dferdem regelm\u00e4\u00dfig an den Randstaaten-Gardestammtischen teil. Hier ist die Nordendgarde besonders aktiv. Wir stellten schon einige stellvertretende Gardeinspekteure (Matthias Schmidt, G\u00fcnther Kohlmann und Matthias Kr\u00f6nung).<\/p>\n\n\n\n<p>Neben der Teilnahme an allen Aktivit\u00e4ten des Gesamtvereins, finden immer wieder gemeinsame Unternehmungen &#8222;au\u00dferhalb der Kampagnen&#8220; statt.<\/p>\n\n\n\n<p>Seit der Kampagne 2019 wird die Nordendgarde von Major Jens Neumann angef\u00fchrt.<\/p>\n\n\n\n<p>&#8230;und auch wir freuen uns \u00fcber Nachwuchs und Zuwachs: Neugardisten sind jederzeit willkommen. Eure Anfragen richtet Ihr einfach an&nbsp;<a href=\"mailto:vorstand@gvnordend.de\">vorstand@gvnordend.de<\/a><\/p>\n\n\n<div class=\"wp-block-image is-resized\">\n<figure class=\"aligncenter size-medium\"><img decoding=\"async\" width=\"272\" height=\"300\" src=\"https:\/\/gvnordend.de\/wp-content\/uploads\/2022\/12\/Nordendgarde-272x300.jpg\" alt=\"Nordendgarde Fulda\" class=\"wp-image-1083\"\/><figcaption class=\"wp-element-caption\">Nordendgarde Fulda<\/figcaption><\/figure>\n<\/div>\n\n\n<p><\/p>\n","protected":false},"excerpt":{"rendered":"<p>Eine der \u00e4ltesten Garden Fuldas wurde 1935 als &#8222;B\u00fcrgergarde Nordend&#8220; gegr\u00fcndet. Diese Garde bestand aus 35 Mann, die \u00fcberwiegend Handwerksmeister waren. Erster Hauptmann war der B\u00e4ckermeister Alois Pfeiffer. Da w\u00e4hrend des 2. Weltkrieges das Vereinsleben ziemlich brach lag, wurde ein Neuaufbau n\u00f6tig. So stand 1950 wieder eine 22 Mann starke Truppe unter F\u00fchrung von Hauptmann [&hellip;]<\/p>\n","protected":false},"author":1,"featured_media":0,"parent":23,"menu_order":0,"comment_status":"closed","ping_status":"closed","template":"","meta":{"ocean_post_layout":"","ocean_both_sidebars_style":"","ocean_both_sidebars_content_width":0,"ocean_both_sidebars_sidebars_width":0,"ocean_sidebar":"0","ocean_second_sidebar":"0","ocean_disable_margins":"enable","ocean_add_body_class":"","ocean_shortcode_before_top_bar":"","ocean_shortcode_after_top_bar":"","ocean_shortcode_before_header":"","ocean_shortcode_after_header":"","ocean_has_shortcode":"","ocean_shortcode_after_title":"","ocean_shortcode_before_footer_widgets":"","ocean_shortcode_after_footer_widgets":"","ocean_shortcode_before_footer_bottom":"","ocean_shortcode_after_footer_bottom":"","ocean_display_top_bar":"default","ocean_display_header":"default","ocean_header_style":"","ocean_center_header_left_menu":"0","ocean_custom_header_template":"0","ocean_custom_logo":0,"ocean_custom_retina_logo":0,"ocean_custom_logo_max_width":0,"ocean_custom_logo_tablet_max_width":0,"ocean_custom_logo_mobile_max_width":0,"ocean_custom_logo_max_height":0,"ocean_custom_logo_tablet_max_height":0,"ocean_custom_logo_mobile_max_height":0,"ocean_header_custom_menu":"0","ocean_menu_typo_font_family":"0","ocean_menu_typo_font_subset":"","ocean_menu_typo_font_size":0,"ocean_menu_typo_font_size_tablet":0,"ocean_menu_typo_font_size_mobile":0,"ocean_menu_typo_font_size_unit":"px","ocean_menu_typo_font_weight":"","ocean_menu_typo_font_weight_tablet":"","ocean_menu_typo_font_weight_mobile":"","ocean_menu_typo_transform":"","ocean_menu_typo_transform_tablet":"","ocean_menu_typo_transform_mobile":"","ocean_menu_typo_line_height":0,"ocean_menu_typo_line_height_tablet":0,"ocean_menu_typo_line_height_mobile":0,"ocean_menu_typo_line_height_unit":"","ocean_menu_typo_spacing":0,"ocean_menu_typo_spacing_tablet":0,"ocean_menu_typo_spacing_mobile":0,"ocean_menu_typo_spacing_unit":"","ocean_menu_link_color":"","ocean_menu_link_color_hover":"","ocean_menu_link_color_active":"","ocean_menu_link_background":"","ocean_menu_link_hover_background":"","ocean_menu_link_active_background":"","ocean_menu_social_links_bg":"","ocean_menu_social_hover_links_bg":"","ocean_menu_social_links_color":"","ocean_menu_social_hover_links_color":"","ocean_disable_title":"default","ocean_disable_heading":"default","ocean_post_title":"","ocean_post_subheading":"","ocean_post_title_style":"","ocean_post_title_background_color":"","ocean_post_title_background":0,"ocean_post_title_bg_image_position":"","ocean_post_title_bg_image_attachment":"","ocean_post_title_bg_image_repeat":"","ocean_post_title_bg_image_size":"","ocean_post_title_height":0,"ocean_post_title_bg_overlay":0.5,"ocean_post_title_bg_overlay_color":"","ocean_disable_breadcrumbs":"default","ocean_breadcrumbs_color":"","ocean_breadcrumbs_separator_color":"","ocean_breadcrumbs_links_color":"","ocean_breadcrumbs_links_hover_color":"","ocean_display_footer_widgets":"default","ocean_display_footer_bottom":"default","ocean_custom_footer_template":"0","omw_enable_modal_window":"enable","ofc_meta_disable_footer_callout":"","ofc_meta_callout_button_url":"","ofc_meta_callout_button_txt":"","ofc_meta_callout_text":"","ofc_enable_fullscreen":"disable","ofc_fullscreen_speed":0,"ofc_fullscreen_nav":"enable","ofc_fullscreen_nav_pos":"right","ofc_fullscreen_nav_color":"","ofc_fullscreen_nav_tooltip_color":"","ofc_fullscreen_responsive":0,"osp_disable_panel":"off","osh_disable_topbar_sticky":"default","osh_disable_header_sticky":"default","osh_sticky_header_style":"default","osh_sticky_header_effect":"","osh_custom_sticky_logo":0,"osh_custom_retina_sticky_logo":0,"osh_custom_sticky_logo_height":0,"osh_background_color":"","osh_links_color":"","osh_links_hover_color":"","osh_links_active_color":"","osh_links_bg_color":"","osh_links_hover_bg_color":"","osh_links_active_bg_color":"","osh_menu_social_links_color":"","osh_menu_social_hover_links_color":"","footnotes":""},"class_list":["post-65","page","type-page","status-publish","hentry","entry"],"_links":{"self":[{"href":"https:\/\/gvnordend.de\/index.php?rest_route=\/wp\/v2\/pages\/65","targetHints":{"allow":["GET"]}}],"collection":[{"href":"https:\/\/gvnordend.de\/index.php?rest_route=\/wp\/v2\/pages"}],"about":[{"href":"https:\/\/gvnordend.de\/index.php?rest_route=\/wp\/v2\/types\/page"}],"author":[{"embeddable":true,"href":"https:\/\/gvnordend.de\/index.php?rest_route=\/wp\/v2\/users\/1"}],"replies":[{"embeddable":true,"href":"https:\/\/gvnordend.de\/index.php?rest_route=%2Fwp%2Fv2%2Fcomments&post=65"}],"version-history":[{"count":13,"href":"https:\/\/gvnordend.de\/index.php?rest_route=\/wp\/v2\/pages\/65\/revisions"}],"predecessor-version":[{"id":2199,"href":"https:\/\/gvnordend.de\/index.php?rest_route=\/wp\/v2\/pages\/65\/revisions\/2199"}],"up":[{"embeddable":true,"href":"https:\/\/gvnordend.de\/index.php?rest_route=\/wp\/v2\/pages\/23"}],"wp:attachment":[{"href":"https:\/\/gvnordend.de\/index.php?rest_route=%2Fwp%2Fv2%2Fmedia&parent=65"}],"curies":[{"name":"wp","href":"https:\/\/api.w.org\/{rel}","templated":true}]}}