{"id":6,"date":"2023-10-13T09:59:25","date_gmt":"2023-10-13T08:59:25","guid":{"rendered":"http:\/\/gv-nordend.de\/?page_id=6"},"modified":"2026-01-15T22:07:12","modified_gmt":"2026-01-15T21:07:12","slug":"startseite","status":"publish","type":"page","link":"https:\/\/gvnordend.de\/","title":{"rendered":"Das Nordend gr\u00fc\u00dft mit Wei &#8211; Wei"},"content":{"rendered":"\n<p>unsere F\u00fcrstenmannschaft 2025\/2026<\/p>\n\n\n\n<figure class=\"wp-block-image size-full\"><img decoding=\"async\" width=\"1539\" height=\"1600\" src=\"https:\/\/gvnordend.de\/wp-content\/uploads\/2026\/01\/IMG-20260115-WA0004.jpg\" alt=\"\" class=\"wp-image-2150\" srcset=\"https:\/\/gvnordend.de\/wp-content\/uploads\/2026\/01\/IMG-20260115-WA0004.jpg 1539w, https:\/\/gvnordend.de\/wp-content\/uploads\/2026\/01\/IMG-20260115-WA0004-289x300.jpg 289w, https:\/\/gvnordend.de\/wp-content\/uploads\/2026\/01\/IMG-20260115-WA0004-985x1024.jpg 985w, https:\/\/gvnordend.de\/wp-content\/uploads\/2026\/01\/IMG-20260115-WA0004-768x798.jpg 768w, https:\/\/gvnordend.de\/wp-content\/uploads\/2026\/01\/IMG-20260115-WA0004-1477x1536.jpg 1477w\" sizes=\"(max-width: 1539px) 100vw, 1539px\" \/><\/figure>\n\n\n\n<h2 class=\"wp-block-heading\">F\u00fcrst Thomas der 76. vom Hohen Norden regiert unsere Kampagne 2025\/2026 mit seiner liebreizenden Adjutantin Sabine, Adjutant Oliver und dem neuen (vor\u00fcbergehenden) F\u00fcrstlichen Minister Frank<\/h2>\n\n\n\n<figure class=\"wp-block-image size-full\"><img decoding=\"async\" width=\"967\" height=\"853\" src=\"https:\/\/gvnordend.de\/wp-content\/uploads\/2025\/11\/15.11.-Fuerstenmannschaft.jpg\" alt=\"\" class=\"wp-image-2108\" srcset=\"https:\/\/gvnordend.de\/wp-content\/uploads\/2025\/11\/15.11.-Fuerstenmannschaft.jpg 967w, https:\/\/gvnordend.de\/wp-content\/uploads\/2025\/11\/15.11.-Fuerstenmannschaft-300x265.jpg 300w, https:\/\/gvnordend.de\/wp-content\/uploads\/2025\/11\/15.11.-Fuerstenmannschaft-768x677.jpg 768w\" sizes=\"(max-width: 967px) 100vw, 967px\" \/><\/figure>\n\n\n<p>Wir freuen uns auf eine unvergessliche und wundersch\u00f6ne Kampagne mit euch. Auf tolle gemeinsame Einm\u00e4rsche, Sitzungen und Veranstaltungen.\u00a0<\/p>\n\n\n<figure class=\"wp-block-image size-large is-resized\"><img decoding=\"async\" width=\"724\" height=\"1024\" src=\"https:\/\/gvnordend.de\/wp-content\/uploads\/2025\/10\/GVN-Termine-724x1024.jpg\" alt=\"unsere n\u00e4chsten Termine\" class=\"wp-image-2081\" style=\"width:366px;height:auto\" srcset=\"https:\/\/gvnordend.de\/wp-content\/uploads\/2025\/10\/GVN-Termine-724x1024.jpg 724w, https:\/\/gvnordend.de\/wp-content\/uploads\/2025\/10\/GVN-Termine-212x300.jpg 212w, https:\/\/gvnordend.de\/wp-content\/uploads\/2025\/10\/GVN-Termine-768x1087.jpg 768w, https:\/\/gvnordend.de\/wp-content\/uploads\/2025\/10\/GVN-Termine-1086x1536.jpg 1086w, https:\/\/gvnordend.de\/wp-content\/uploads\/2025\/10\/GVN-Termine.jpg 1357w\" sizes=\"(max-width: 724px) 100vw, 724px\" \/><\/figure>\n\n\n\n<h2 class=\"wp-block-heading\">Die Kampagne 2024\/2025 wird regiert von F\u00fcrstin Alicia die 75. vom Hohen Norden mit Gefolge<\/h2>\n\n\n\n<figure class=\"wp-block-image size-full is-resized\"><img decoding=\"async\" width=\"1280\" height=\"1920\" src=\"https:\/\/gvnordend.de\/wp-content\/uploads\/2024\/12\/DSC02427.jpeg\" alt=\"\" class=\"wp-image-1964\" style=\"width:571px;height:auto\" srcset=\"https:\/\/gvnordend.de\/wp-content\/uploads\/2024\/12\/DSC02427.jpeg 1280w, https:\/\/gvnordend.de\/wp-content\/uploads\/2024\/12\/DSC02427-200x300.jpeg 200w, https:\/\/gvnordend.de\/wp-content\/uploads\/2024\/12\/DSC02427-683x1024.jpeg 683w, https:\/\/gvnordend.de\/wp-content\/uploads\/2024\/12\/DSC02427-768x1152.jpeg 768w, https:\/\/gvnordend.de\/wp-content\/uploads\/2024\/12\/DSC02427-1024x1536.jpeg 1024w\" sizes=\"(max-width: 1280px) 100vw, 1280px\" \/><figcaption class=\"wp-element-caption\">Kampagne 2024_2025 wird regiert von F\u00fcrstin Alicia die 75. vom Hohen Norden mit Ihrer Adjutantin Svea und dem F\u00fcrstlichen Minister<\/figcaption><\/figure>\n\n\n\n<h2 class=\"wp-block-heading\">Wir gratulieren von Herzen&#8230;.<\/h2>\n\n\n<p>Am Freitag, 14.06.2024 sagten Tina und Tomas &#8222;JA&#8220; zueinander. Wir freuen uns mit Ihnen und w\u00fcnschen alles erdenklich Gute!\u00a0<\/p>\n\n\n<figure class=\"wp-block-image size-medium is-resized\"><img decoding=\"async\" width=\"300\" height=\"225\" src=\"https:\/\/gvnordend.de\/wp-content\/uploads\/2024\/06\/FB_IMG_1718909834153-300x225.jpg\" alt=\"\" class=\"wp-image-1878\" style=\"width:564px;height:auto\" srcset=\"https:\/\/gvnordend.de\/wp-content\/uploads\/2024\/06\/FB_IMG_1718909834153-300x225.jpg 300w, https:\/\/gvnordend.de\/wp-content\/uploads\/2024\/06\/FB_IMG_1718909834153-1024x768.jpg 1024w, https:\/\/gvnordend.de\/wp-content\/uploads\/2024\/06\/FB_IMG_1718909834153-768x576.jpg 768w, https:\/\/gvnordend.de\/wp-content\/uploads\/2024\/06\/FB_IMG_1718909834153.jpg 1080w\" sizes=\"(max-width: 300px) 100vw, 300px\" \/><\/figure>\n\n\n<h1 style=\"text-align: left;\"><strong>Am 04.02.2024 wurde F\u00fcrstin Jule die Aktie der T\u00fcr Nor Oil AG \u00fcbergeben\u00a0<\/strong><\/h1>\n\n\n<figure class=\"wp-block-image size-full is-resized\"><img decoding=\"async\" width=\"1278\" height=\"1920\" src=\"https:\/\/gvnordend.de\/wp-content\/uploads\/2024\/02\/2024_02_04_TuerNor_16.jpg\" alt=\"\" class=\"wp-image-1737\" style=\"width:682px;height:auto\" srcset=\"https:\/\/gvnordend.de\/wp-content\/uploads\/2024\/02\/2024_02_04_TuerNor_16.jpg 1278w, https:\/\/gvnordend.de\/wp-content\/uploads\/2024\/02\/2024_02_04_TuerNor_16-200x300.jpg 200w, https:\/\/gvnordend.de\/wp-content\/uploads\/2024\/02\/2024_02_04_TuerNor_16-682x1024.jpg 682w, https:\/\/gvnordend.de\/wp-content\/uploads\/2024\/02\/2024_02_04_TuerNor_16-768x1154.jpg 768w, https:\/\/gvnordend.de\/wp-content\/uploads\/2024\/02\/2024_02_04_TuerNor_16-1022x1536.jpg 1022w\" sizes=\"(max-width: 1278px) 100vw, 1278px\" \/><figcaption class=\"wp-element-caption\">04.02.2024 \u00dcbergabe der Aktie &#8222;T\u00fcr Nor Oil AG&#8220;<\/figcaption><\/figure>\n\n\n\n<figure class=\"wp-block-image size-large\"><img decoding=\"async\" src=\"https:\/\/gvnordend.de\/wp-content\/uploads\/2024\/01\/IMG-20240101-WA0005-1-985x1024.jpg\" alt=\"neujahrswuensche\" class=\"wp-image-1570\"\/><\/figure>\n\n\n\n<pre class=\"wp-block-preformatted\"><\/pre>\n\n\n\n<p><\/p>\n\n\n\n<p><\/p>\n","protected":false},"excerpt":{"rendered":"<p>unsere F\u00fcrstenmannschaft 2025\/2026 F\u00fcrst Thomas der 76. vom Hohen Norden regiert unsere Kampagne 2025\/2026 mit seiner liebreizenden Adjutantin Sabine, Adjutant Oliver und dem neuen (vor\u00fcbergehenden) F\u00fcrstlichen Minister Frank Wir freuen uns auf eine unvergessliche und wundersch\u00f6ne Kampagne mit euch. Auf tolle gemeinsame Einm\u00e4rsche, Sitzungen und Veranstaltungen.\u00a0 Die Kampagne 2024\/2025 wird regiert von F\u00fcrstin Alicia die [&hellip;]<\/p>\n","protected":false},"author":1,"featured_media":0,"parent":0,"menu_order":0,"comment_status":"closed","ping_status":"closed","template":"","meta":{"ocean_post_layout":"","ocean_both_sidebars_style":"","ocean_both_sidebars_content_width":0,"ocean_both_sidebars_sidebars_width":0,"ocean_sidebar":"0","ocean_second_sidebar":"0","ocean_disable_margins":"enable","ocean_add_body_class":"","ocean_shortcode_before_top_bar":"","ocean_shortcode_after_top_bar":"","ocean_shortcode_before_header":"","ocean_shortcode_after_header":"","ocean_has_shortcode":"","ocean_shortcode_after_title":"","ocean_shortcode_before_footer_widgets":"","ocean_shortcode_after_footer_widgets":"","ocean_shortcode_before_footer_bottom":"","ocean_shortcode_after_footer_bottom":"","ocean_display_top_bar":"default","ocean_display_header":"default","ocean_header_style":"","ocean_center_header_left_menu":"0","ocean_custom_header_template":"0","ocean_custom_logo":0,"ocean_custom_retina_logo":0,"ocean_custom_logo_max_width":0,"ocean_custom_logo_tablet_max_width":0,"ocean_custom_logo_mobile_max_width":0,"ocean_custom_logo_max_height":0,"ocean_custom_logo_tablet_max_height":0,"ocean_custom_logo_mobile_max_height":0,"ocean_header_custom_menu":"0","ocean_menu_typo_font_family":"0","ocean_menu_typo_font_subset":"","ocean_menu_typo_font_size":0,"ocean_menu_typo_font_size_tablet":0,"ocean_menu_typo_font_size_mobile":0,"ocean_menu_typo_font_size_unit":"px","ocean_menu_typo_font_weight":"","ocean_menu_typo_font_weight_tablet":"","ocean_menu_typo_font_weight_mobile":"","ocean_menu_typo_transform":"","ocean_menu_typo_transform_tablet":"","ocean_menu_typo_transform_mobile":"","ocean_menu_typo_line_height":0,"ocean_menu_typo_line_height_tablet":0,"ocean_menu_typo_line_height_mobile":0,"ocean_menu_typo_line_height_unit":"","ocean_menu_typo_spacing":0,"ocean_menu_typo_spacing_tablet":0,"ocean_menu_typo_spacing_mobile":0,"ocean_menu_typo_spacing_unit":"","ocean_menu_link_color":"","ocean_menu_link_color_hover":"","ocean_menu_link_color_active":"","ocean_menu_link_background":"","ocean_menu_link_hover_background":"","ocean_menu_link_active_background":"","ocean_menu_social_links_bg":"","ocean_menu_social_hover_links_bg":"","ocean_menu_social_links_color":"","ocean_menu_social_hover_links_color":"","ocean_disable_title":"default","ocean_disable_heading":"default","ocean_post_title":"","ocean_post_subheading":"","ocean_post_title_style":"centered","ocean_post_title_background_color":"","ocean_post_title_background":0,"ocean_post_title_bg_image_position":"","ocean_post_title_bg_image_attachment":"","ocean_post_title_bg_image_repeat":"","ocean_post_title_bg_image_size":"","ocean_post_title_height":0,"ocean_post_title_bg_overlay":0.5,"ocean_post_title_bg_overlay_color":"","ocean_disable_breadcrumbs":"default","ocean_breadcrumbs_color":"","ocean_breadcrumbs_separator_color":"","ocean_breadcrumbs_links_color":"","ocean_breadcrumbs_links_hover_color":"","ocean_display_footer_widgets":"default","ocean_display_footer_bottom":"default","ocean_custom_footer_template":"0","omw_enable_modal_window":"enable","ofc_meta_disable_footer_callout":"enable","ofc_meta_callout_button_url":"","ofc_meta_callout_button_txt":"","ofc_meta_callout_text":"","ofc_enable_fullscreen":"disable","ofc_fullscreen_speed":0,"ofc_fullscreen_nav":"enable","ofc_fullscreen_nav_pos":"right","ofc_fullscreen_nav_color":"","ofc_fullscreen_nav_tooltip_color":"","ofc_fullscreen_responsive":0,"osp_disable_panel":"off","osh_disable_topbar_sticky":"default","osh_disable_header_sticky":"default","osh_sticky_header_style":"default","osh_sticky_header_effect":"","osh_custom_sticky_logo":0,"osh_custom_retina_sticky_logo":0,"osh_custom_sticky_logo_height":0,"osh_background_color":"","osh_links_color":"","osh_links_hover_color":"","osh_links_active_color":"","osh_links_bg_color":"","osh_links_hover_bg_color":"","osh_links_active_bg_color":"","osh_menu_social_links_color":"","osh_menu_social_hover_links_color":"","footnotes":""},"class_list":["post-6","page","type-page","status-publish","hentry","entry"],"_links":{"self":[{"href":"https:\/\/gvnordend.de\/index.php?rest_route=\/wp\/v2\/pages\/6","targetHints":{"allow":["GET"]}}],"collection":[{"href":"https:\/\/gvnordend.de\/index.php?rest_route=\/wp\/v2\/pages"}],"about":[{"href":"https:\/\/gvnordend.de\/index.php?rest_route=\/wp\/v2\/types\/page"}],"author":[{"embeddable":true,"href":"https:\/\/gvnordend.de\/index.php?rest_route=\/wp\/v2\/users\/1"}],"replies":[{"embeddable":true,"href":"https:\/\/gvnordend.de\/index.php?rest_route=%2Fwp%2Fv2%2Fcomments&post=6"}],"version-history":[{"count":39,"href":"https:\/\/gvnordend.de\/index.php?rest_route=\/wp\/v2\/pages\/6\/revisions"}],"predecessor-version":[{"id":2151,"href":"https:\/\/gvnordend.de\/index.php?rest_route=\/wp\/v2\/pages\/6\/revisions\/2151"}],"wp:attachment":[{"href":"https:\/\/gvnordend.de\/index.php?rest_route=%2Fwp%2Fv2%2Fmedia&parent=6"}],"curies":[{"name":"wp","href":"https:\/\/api.w.org\/{rel}","templated":true}]}}