{"id":574,"date":"2018-03-18T09:47:51","date_gmt":"2018-03-18T08:47:51","guid":{"rendered":"http:\/\/gvnordend.de\/?page_id=574"},"modified":"2023-12-09T11:23:16","modified_gmt":"2023-12-09T10:23:16","slug":"schneefrauen-und-schneemaenner","status":"publish","type":"page","link":"https:\/\/gvnordend.de\/?page_id=574","title":{"rendered":"Schneefrauen und Schneem\u00e4nner"},"content":{"rendered":"\n<figure class=\"wp-block-image size-full\"><img decoding=\"async\" width=\"1000\" height=\"750\" src=\"https:\/\/gvnordend.de\/wp-content\/uploads\/2023\/12\/2023-Tiere-und-Schneemaenner-CB.jpg\" alt=\"\" class=\"wp-image-1539\" srcset=\"https:\/\/gvnordend.de\/wp-content\/uploads\/2023\/12\/2023-Tiere-und-Schneemaenner-CB.jpg 1000w, https:\/\/gvnordend.de\/wp-content\/uploads\/2023\/12\/2023-Tiere-und-Schneemaenner-CB-300x225.jpg 300w, https:\/\/gvnordend.de\/wp-content\/uploads\/2023\/12\/2023-Tiere-und-Schneemaenner-CB-768x576.jpg 768w\" sizes=\"(max-width: 1000px) 100vw, 1000px\" \/><figcaption class=\"wp-element-caption\">2023 Nordische Tiere und Schneem\u00e4nner\/-frauen<\/figcaption><\/figure>\n\n\n<p>Lebendige Schneefrauen und Schneem\u00e4nner gibt es nicht? Doch! Seit 2017 sind sie bei uns im Nordend &#8222;erwacht&#8220;.&nbsp; Unsere Schneefrauen und Schneem\u00e4nner geh\u00f6ren genauso zu uns wie unsere Eisb\u00e4ren, Pinguine und Eskimos. In liebevollem Gewand, immer einem L\u00e4cheln auf dem Gesicht und mit viel Spass, runden sie das Bild unserer Kost\u00fcmgruppen ab.<\/p>\n<p>Neben den nordischen Tiere sind unsere Schneem\u00e4nner und Schneefrauen ein nicht wegzudenkendes Erkennungszeichen des Nordends. Angef\u00fchrt wird die lustige Truppe von unserer Evelyn Sch\u00f6n.<br \/>\nFalls wir euer Interesse geweckt haben und ihr Lust an der Fastnacht habt, dann meldet euch doch einfach unter der auf der Homepage angegebenen Adresse.<\/p>","protected":false},"excerpt":{"rendered":"<p>Lebendige Schneefrauen und Schneem\u00e4nner gibt es nicht? Doch! Seit 2017 sind sie bei uns im Nordend &#8222;erwacht&#8220;.&nbsp; Unsere Schneefrauen und Schneem\u00e4nner geh\u00f6ren genauso zu uns wie unsere Eisb\u00e4ren, Pinguine und Eskimos. In liebevollem Gewand, immer einem L\u00e4cheln auf dem Gesicht und mit viel Spass, runden sie das Bild unserer Kost\u00fcmgruppen ab. Neben den nordischen Tiere [&hellip;]<\/p>\n","protected":false},"author":1,"featured_media":0,"parent":23,"menu_order":0,"comment_status":"closed","ping_status":"closed","template":"","meta":{"ocean_post_layout":"","ocean_both_sidebars_style":"","ocean_both_sidebars_content_width":0,"ocean_both_sidebars_sidebars_width":0,"ocean_sidebar":"0","ocean_second_sidebar":"0","ocean_disable_margins":"enable","ocean_add_body_class":"","ocean_shortcode_before_top_bar":"","ocean_shortcode_after_top_bar":"","ocean_shortcode_before_header":"","ocean_shortcode_after_header":"","ocean_has_shortcode":"","ocean_shortcode_after_title":"","ocean_shortcode_before_footer_widgets":"","ocean_shortcode_after_footer_widgets":"","ocean_shortcode_before_footer_bottom":"","ocean_shortcode_after_footer_bottom":"","ocean_display_top_bar":"default","ocean_display_header":"default","ocean_header_style":"","ocean_center_header_left_menu":"0","ocean_custom_header_template":"0","ocean_custom_logo":0,"ocean_custom_retina_logo":0,"ocean_custom_logo_max_width":0,"ocean_custom_logo_tablet_max_width":0,"ocean_custom_logo_mobile_max_width":0,"ocean_custom_logo_max_height":0,"ocean_custom_logo_tablet_max_height":0,"ocean_custom_logo_mobile_max_height":0,"ocean_header_custom_menu":"0","ocean_menu_typo_font_family":"0","ocean_menu_typo_font_subset":"","ocean_menu_typo_font_size":0,"ocean_menu_typo_font_size_tablet":0,"ocean_menu_typo_font_size_mobile":0,"ocean_menu_typo_font_size_unit":"px","ocean_menu_typo_font_weight":"","ocean_menu_typo_font_weight_tablet":"","ocean_menu_typo_font_weight_mobile":"","ocean_menu_typo_transform":"","ocean_menu_typo_transform_tablet":"","ocean_menu_typo_transform_mobile":"","ocean_menu_typo_line_height":0,"ocean_menu_typo_line_height_tablet":0,"ocean_menu_typo_line_height_mobile":0,"ocean_menu_typo_line_height_unit":"","ocean_menu_typo_spacing":0,"ocean_menu_typo_spacing_tablet":0,"ocean_menu_typo_spacing_mobile":0,"ocean_menu_typo_spacing_unit":"","ocean_menu_link_color":"","ocean_menu_link_color_hover":"","ocean_menu_link_color_active":"","ocean_menu_link_background":"","ocean_menu_link_hover_background":"","ocean_menu_link_active_background":"","ocean_menu_social_links_bg":"","ocean_menu_social_hover_links_bg":"","ocean_menu_social_links_color":"","ocean_menu_social_hover_links_color":"","ocean_disable_title":"default","ocean_disable_heading":"default","ocean_post_title":"","ocean_post_subheading":"","ocean_post_title_style":"","ocean_post_title_background_color":"","ocean_post_title_background":0,"ocean_post_title_bg_image_position":"","ocean_post_title_bg_image_attachment":"","ocean_post_title_bg_image_repeat":"","ocean_post_title_bg_image_size":"","ocean_post_title_height":0,"ocean_post_title_bg_overlay":0.5,"ocean_post_title_bg_overlay_color":"","ocean_disable_breadcrumbs":"default","ocean_breadcrumbs_color":"","ocean_breadcrumbs_separator_color":"","ocean_breadcrumbs_links_color":"","ocean_breadcrumbs_links_hover_color":"","ocean_display_footer_widgets":"default","ocean_display_footer_bottom":"default","ocean_custom_footer_template":"0","omw_enable_modal_window":"enable","ofc_meta_disable_footer_callout":"","ofc_meta_callout_button_url":"","ofc_meta_callout_button_txt":"","ofc_meta_callout_text":"","ofc_enable_fullscreen":"disable","ofc_fullscreen_speed":0,"ofc_fullscreen_nav":"enable","ofc_fullscreen_nav_pos":"right","ofc_fullscreen_nav_color":"","ofc_fullscreen_nav_tooltip_color":"","ofc_fullscreen_responsive":0,"osp_disable_panel":"off","osh_disable_topbar_sticky":"default","osh_disable_header_sticky":"default","osh_sticky_header_style":"default","osh_sticky_header_effect":"","osh_custom_sticky_logo":0,"osh_custom_retina_sticky_logo":0,"osh_custom_sticky_logo_height":0,"osh_background_color":"","osh_links_color":"","osh_links_hover_color":"","osh_links_active_color":"","osh_links_bg_color":"","osh_links_hover_bg_color":"","osh_links_active_bg_color":"","osh_menu_social_links_color":"","osh_menu_social_hover_links_color":"","footnotes":""},"class_list":["post-574","page","type-page","status-publish","hentry","entry"],"_links":{"self":[{"href":"https:\/\/gvnordend.de\/index.php?rest_route=\/wp\/v2\/pages\/574","targetHints":{"allow":["GET"]}}],"collection":[{"href":"https:\/\/gvnordend.de\/index.php?rest_route=\/wp\/v2\/pages"}],"about":[{"href":"https:\/\/gvnordend.de\/index.php?rest_route=\/wp\/v2\/types\/page"}],"author":[{"embeddable":true,"href":"https:\/\/gvnordend.de\/index.php?rest_route=\/wp\/v2\/users\/1"}],"replies":[{"embeddable":true,"href":"https:\/\/gvnordend.de\/index.php?rest_route=%2Fwp%2Fv2%2Fcomments&post=574"}],"version-history":[{"count":7,"href":"https:\/\/gvnordend.de\/index.php?rest_route=\/wp\/v2\/pages\/574\/revisions"}],"predecessor-version":[{"id":1542,"href":"https:\/\/gvnordend.de\/index.php?rest_route=\/wp\/v2\/pages\/574\/revisions\/1542"}],"up":[{"embeddable":true,"href":"https:\/\/gvnordend.de\/index.php?rest_route=\/wp\/v2\/pages\/23"}],"wp:attachment":[{"href":"https:\/\/gvnordend.de\/index.php?rest_route=%2Fwp%2Fv2%2Fmedia&parent=574"}],"curies":[{"name":"wp","href":"https:\/\/api.w.org\/{rel}","templated":true}]}}