{"id":55,"date":"2016-10-14T10:28:10","date_gmt":"2016-10-14T10:28:10","guid":{"rendered":"http:\/\/gv-nordend.de\/?page_id=55"},"modified":"2026-03-01T14:55:46","modified_gmt":"2026-03-01T13:55:46","slug":"nordend-tanzgarde","status":"publish","type":"page","link":"https:\/\/gvnordend.de\/?page_id=55","title":{"rendered":"Tanzgarde"},"content":{"rendered":"\n<figure class=\"wp-block-image size-large is-resized\"><img decoding=\"async\" width=\"682\" height=\"1024\" src=\"https:\/\/gvnordend.de\/wp-content\/uploads\/2026\/03\/IMG_0109-682x1024.jpg\" alt=\"\" class=\"wp-image-2200\" style=\"aspect-ratio:0.666022341597177;width:302px;height:auto\" srcset=\"https:\/\/gvnordend.de\/wp-content\/uploads\/2026\/03\/IMG_0109-682x1024.jpg 682w, https:\/\/gvnordend.de\/wp-content\/uploads\/2026\/03\/IMG_0109-200x300.jpg 200w, https:\/\/gvnordend.de\/wp-content\/uploads\/2026\/03\/IMG_0109-768x1154.jpg 768w, https:\/\/gvnordend.de\/wp-content\/uploads\/2026\/03\/IMG_0109-1022x1536.jpg 1022w, https:\/\/gvnordend.de\/wp-content\/uploads\/2026\/03\/IMG_0109.jpg 1278w\" sizes=\"(max-width: 682px) 100vw, 682px\" \/><\/figure>\n\n\n<p>Das Nordend in Fulda ist stolz eine Tanzgarde zu haben. Ein Teil von ihnen tanzt von klein auf aktiv im Verein mit.\u00a0<\/p>\n<p>Die M\u00e4dchen trainieren fast das ganze Jahr \u00fcber. Nach Rosenmontag wird eine sch\u00f6pferische Trainingspause eingelegt und sp\u00e4testens im April geht es mit dem neuen Tanz weiter. Neben dem Gardetanz wird auch auf\u00a0 Konditionstraining geachtet. Nat\u00fcrlich legen die M\u00e4dchen eine gute Portion an Disziplin und den n\u00f6tigen Ehrgeiz an den Tag, um den Anforderungen des Gardetanzes gerecht zu werden.<\/p>\n<p>Auf viel Spa\u00df im Training und bei jedem Auftritt wird jedoch nicht verzichtet. Trotz der \u00dcbung sind die M\u00e4dels vor jedem Tanz aufgeregt. Am 11.11. eines jeden Jahres ganz besonders, da hier der neue Gardetanz das erste Mal pr\u00e4sentiert wird. Stolz ist man hier \u00fcber den Applaus und das Lob f\u00fcr die geleistete Arbeit im ganzen Jahr. Auch wenn es mal hart ist, \u00fcberwieg die gro\u00dfe Freude am Tanzen und an der Fastnacht.<\/p>\n\n\n<figure class=\"wp-block-image size-full is-resized\"><img decoding=\"async\" width=\"1920\" height=\"1278\" src=\"https:\/\/gvnordend.de\/wp-content\/uploads\/2026\/03\/IMG_0128.jpg\" alt=\"\" class=\"wp-image-2202\" style=\"width:450px;height:auto\" srcset=\"https:\/\/gvnordend.de\/wp-content\/uploads\/2026\/03\/IMG_0128.jpg 1920w, https:\/\/gvnordend.de\/wp-content\/uploads\/2026\/03\/IMG_0128-300x200.jpg 300w, https:\/\/gvnordend.de\/wp-content\/uploads\/2026\/03\/IMG_0128-1024x682.jpg 1024w, https:\/\/gvnordend.de\/wp-content\/uploads\/2026\/03\/IMG_0128-768x511.jpg 768w, https:\/\/gvnordend.de\/wp-content\/uploads\/2026\/03\/IMG_0128-1536x1022.jpg 1536w\" sizes=\"(max-width: 1920px) 100vw, 1920px\" \/><\/figure>\n\n\n\n<p><\/p>\n","protected":false},"excerpt":{"rendered":"<p>Das Nordend in Fulda ist stolz eine Tanzgarde zu haben. Ein Teil von ihnen tanzt von klein auf aktiv im Verein mit.\u00a0 Die M\u00e4dchen trainieren fast das ganze Jahr \u00fcber. Nach Rosenmontag wird eine sch\u00f6pferische Trainingspause eingelegt und sp\u00e4testens im April geht es mit dem neuen Tanz weiter. Neben dem Gardetanz wird auch auf\u00a0 Konditionstraining [&hellip;]<\/p>\n","protected":false},"author":1,"featured_media":0,"parent":23,"menu_order":0,"comment_status":"closed","ping_status":"closed","template":"","meta":{"ocean_post_layout":"","ocean_both_sidebars_style":"","ocean_both_sidebars_content_width":0,"ocean_both_sidebars_sidebars_width":0,"ocean_sidebar":"0","ocean_second_sidebar":"0","ocean_disable_margins":"enable","ocean_add_body_class":"","ocean_shortcode_before_top_bar":"","ocean_shortcode_after_top_bar":"","ocean_shortcode_before_header":"","ocean_shortcode_after_header":"","ocean_has_shortcode":"","ocean_shortcode_after_title":"","ocean_shortcode_before_footer_widgets":"","ocean_shortcode_after_footer_widgets":"","ocean_shortcode_before_footer_bottom":"","ocean_shortcode_after_footer_bottom":"","ocean_display_top_bar":"default","ocean_display_header":"default","ocean_header_style":"","ocean_center_header_left_menu":"0","ocean_custom_header_template":"0","ocean_custom_logo":0,"ocean_custom_retina_logo":0,"ocean_custom_logo_max_width":0,"ocean_custom_logo_tablet_max_width":0,"ocean_custom_logo_mobile_max_width":0,"ocean_custom_logo_max_height":0,"ocean_custom_logo_tablet_max_height":0,"ocean_custom_logo_mobile_max_height":0,"ocean_header_custom_menu":"0","ocean_menu_typo_font_family":"0","ocean_menu_typo_font_subset":"","ocean_menu_typo_font_size":0,"ocean_menu_typo_font_size_tablet":0,"ocean_menu_typo_font_size_mobile":0,"ocean_menu_typo_font_size_unit":"px","ocean_menu_typo_font_weight":"","ocean_menu_typo_font_weight_tablet":"","ocean_menu_typo_font_weight_mobile":"","ocean_menu_typo_transform":"","ocean_menu_typo_transform_tablet":"","ocean_menu_typo_transform_mobile":"","ocean_menu_typo_line_height":0,"ocean_menu_typo_line_height_tablet":0,"ocean_menu_typo_line_height_mobile":0,"ocean_menu_typo_line_height_unit":"","ocean_menu_typo_spacing":0,"ocean_menu_typo_spacing_tablet":0,"ocean_menu_typo_spacing_mobile":0,"ocean_menu_typo_spacing_unit":"","ocean_menu_link_color":"","ocean_menu_link_color_hover":"","ocean_menu_link_color_active":"","ocean_menu_link_background":"","ocean_menu_link_hover_background":"","ocean_menu_link_active_background":"","ocean_menu_social_links_bg":"","ocean_menu_social_hover_links_bg":"","ocean_menu_social_links_color":"","ocean_menu_social_hover_links_color":"","ocean_disable_title":"default","ocean_disable_heading":"default","ocean_post_title":"","ocean_post_subheading":"","ocean_post_title_style":"","ocean_post_title_background_color":"","ocean_post_title_background":0,"ocean_post_title_bg_image_position":"","ocean_post_title_bg_image_attachment":"","ocean_post_title_bg_image_repeat":"","ocean_post_title_bg_image_size":"","ocean_post_title_height":0,"ocean_post_title_bg_overlay":0.5,"ocean_post_title_bg_overlay_color":"","ocean_disable_breadcrumbs":"default","ocean_breadcrumbs_color":"","ocean_breadcrumbs_separator_color":"","ocean_breadcrumbs_links_color":"","ocean_breadcrumbs_links_hover_color":"","ocean_display_footer_widgets":"default","ocean_display_footer_bottom":"default","ocean_custom_footer_template":"0","omw_enable_modal_window":"enable","ofc_meta_disable_footer_callout":"","ofc_meta_callout_button_url":"","ofc_meta_callout_button_txt":"","ofc_meta_callout_text":"","ofc_enable_fullscreen":"disable","ofc_fullscreen_speed":0,"ofc_fullscreen_nav":"enable","ofc_fullscreen_nav_pos":"right","ofc_fullscreen_nav_color":"","ofc_fullscreen_nav_tooltip_color":"","ofc_fullscreen_responsive":0,"osp_disable_panel":"off","osh_disable_topbar_sticky":"default","osh_disable_header_sticky":"default","osh_sticky_header_style":"default","osh_sticky_header_effect":"","osh_custom_sticky_logo":0,"osh_custom_retina_sticky_logo":0,"osh_custom_sticky_logo_height":0,"osh_background_color":"","osh_links_color":"","osh_links_hover_color":"","osh_links_active_color":"","osh_links_bg_color":"","osh_links_hover_bg_color":"","osh_links_active_bg_color":"","osh_menu_social_links_color":"","osh_menu_social_hover_links_color":"","footnotes":""},"class_list":["post-55","page","type-page","status-publish","hentry","entry"],"_links":{"self":[{"href":"https:\/\/gvnordend.de\/index.php?rest_route=\/wp\/v2\/pages\/55","targetHints":{"allow":["GET"]}}],"collection":[{"href":"https:\/\/gvnordend.de\/index.php?rest_route=\/wp\/v2\/pages"}],"about":[{"href":"https:\/\/gvnordend.de\/index.php?rest_route=\/wp\/v2\/types\/page"}],"author":[{"embeddable":true,"href":"https:\/\/gvnordend.de\/index.php?rest_route=\/wp\/v2\/users\/1"}],"replies":[{"embeddable":true,"href":"https:\/\/gvnordend.de\/index.php?rest_route=%2Fwp%2Fv2%2Fcomments&post=55"}],"version-history":[{"count":11,"href":"https:\/\/gvnordend.de\/index.php?rest_route=\/wp\/v2\/pages\/55\/revisions"}],"predecessor-version":[{"id":2204,"href":"https:\/\/gvnordend.de\/index.php?rest_route=\/wp\/v2\/pages\/55\/revisions\/2204"}],"up":[{"embeddable":true,"href":"https:\/\/gvnordend.de\/index.php?rest_route=\/wp\/v2\/pages\/23"}],"wp:attachment":[{"href":"https:\/\/gvnordend.de\/index.php?rest_route=%2Fwp%2Fv2%2Fmedia&parent=55"}],"curies":[{"name":"wp","href":"https:\/\/api.w.org\/{rel}","templated":true}]}}